{"id":1148,"date":"2023-05-11T08:15:43","date_gmt":"2023-05-11T06:15:43","guid":{"rendered":"https:\/\/vigorhorses.pl\/?page_id=1148"},"modified":"2023-05-26T14:40:37","modified_gmt":"2023-05-26T12:40:37","slug":"datenschutzbestimmungen","status":"publish","type":"page","link":"https:\/\/vigorhorses.pl\/de\/datenschutzbestimmungen\/","title":{"rendered":"Datenschutzbestimmungen"},"content":{"rendered":"<h2 class=\"wp-block-heading\"><strong>Datenschutzbestimmungen<\/strong><\/h2>\n\n\n\n<p>Vielen Dank f\u00fcr Ihren Besuch auf unserer Website und f\u00fcr Ihr Interesse an unserem Angebot. Als Eigent\u00fcmer der Vigor Horses Website verpflichten wir uns, die Privatsph\u00e4re der Nutzer unserer Website zu sch\u00fctzen und versichern Ihnen, dass alle Sie betreffenden Informationen vertraulich und in \u00dcbereinstimmung mit den geltenden Gesetzen behandelt werden.<\/p>\n\n\n\n<p><strong>1. die Erhebung von personenbezogenen Daten<\/strong><\/p>\n\n\n\n<p>Bei der Nutzung unserer Website werden Sie m\u00f6glicherweise um die Angabe einiger pers\u00f6nlicher Daten gebeten, z. B. Ihren Namen, Ihre E-Mail-Adresse und Ihre Telefonnummer. Diese Daten werden nur erfasst, wenn Sie sie freiwillig angeben, z. B. um die Dienste in Anspruch zu nehmen oder eine Antwort auf eine Frage zu erhalten.<\/p>\n\n\n\n<p><strong>2 Speicherung von personenbezogenen Daten<\/strong><\/p>\n\n\n\n<p>Alle personenbezogenen Daten, die Sie uns zur Verf\u00fcgung stellen, werden auf Servern in Europa gespeichert, wie es das Datenschutzgesetz verlangt. Wir werden diese Informationen nicht an Dritte weitergeben, es sei denn, dies ist gesetzlich vorgeschrieben oder f\u00fcr die Erbringung unserer Dienstleistungen erforderlich.<\/p>\n\n\n\n<p><strong>3 Verwendung von personenbezogenen Daten<\/strong><\/p>\n\n\n\n<p>Die personenbezogenen Daten, die Sie uns zur Verf\u00fcgung stellen, k\u00f6nnen verwendet werden, um Ihre Fragen oder Anfragen zu unseren Dienstleistungen zu beantworten. Wenn Sie uns Ihr Einverst\u00e4ndnis geben, k\u00f6nnen wir Ihnen dar\u00fcber hinaus kommerzielle Informationen \u00fcber unsere Angebote zusenden. Wir k\u00f6nnen Ihre Daten auch zur Verbesserung unserer Dienste und f\u00fcr analytische Zwecke verwenden.<\/p>\n\n\n\n<p><strong>4 Rechte der Nutzer<\/strong><\/p>\n\n\n\n<p>Alle Nutzer haben das Recht auf Zugang, Berichtigung oder L\u00f6schung ihrer personenbezogenen Daten. Sie k\u00f6nnen auch die Einschr\u00e4nkung der Verarbeitung oder die \u00dcbermittlung ihrer personenbezogenen Daten verlangen. Alle Antr\u00e4ge sollten an die folgende E-Mail-Adresse gerichtet werden <a href=\"mailto:info@vigorhorses.pl\">info@vigorhorses.pl<\/a> oder an die Postanschrift: 24 \/ 2, Po\u0142\u0119cko, 69-220 O\u015bno Lubuskie.<\/p>\n\n\n\n<p><strong>5. \u00e4nderungen der Datenschutzerkl\u00e4rung<\/strong><\/p>\n\n\n\n<p>Wir behalten uns das Recht vor, diese Datenschutzrichtlinie jederzeit zu \u00e4ndern. Wenn wir wesentliche \u00c4nderungen an der Richtlinie vornehmen, werden wir die Nutzer auf unserer Website oder per E-Mail-Benachrichtigung informieren.<\/p>\n\n\n\n<p><strong>6. Kekse<\/strong><\/p>\n\n\n\n<p>Unsere Website verwendet Cookies, um zu verstehen, wie Besucher unsere Website nutzen, und um unsere Dienstleistungen kontinuierlich zu verbessern. Cookies werden auf Ihrem Endger\u00e4t gespeichert und erm\u00f6glichen es uns, Ihren Browser bei Ihrem n\u00e4chsten Besuch wiederzuerkennen.<\/p>\n\n\n\n<p>Wie kann ich Cookies deaktivieren? - Um Ihre Optionen zum Speichern und Empfangen von Cookies zu \u00e4ndern, m\u00fcssen Sie die Einstellungen Ihres Browsers \u00e4ndern. Das Verfahren h\u00e4ngt von dem Programm ab, das Sie verwenden:<\/p>\n\n\n\n<ul class=\"wp-block-list\">\n<li><a href=\"https:\/\/support.mozilla.org\/pl\/kb\/ciasteczka\" target=\"_blank\" rel=\"noopener\">Mozilla Firefox<\/a><\/li>\n\n\n\n<li><a href=\"https:\/\/help.opera.com\/pl\/latest\/web-preferences\/#cookies\" target=\"_blank\" rel=\"noopener\">Oper<\/a><\/li>\n\n\n\n<li><a href=\"https:\/\/support.google.com\/chrome\/answer\/95647?hl=pl\" target=\"_blank\" rel=\"noopener\">Google Chrome<\/a><\/li>\n\n\n\n<li><a href=\"https:\/\/support.microsoft.com\/pl-pl\/topic\/jak-usun%C4%85%C4%87-pliki-cookie-w-programie-internet-explorer-bca9446f-d873-78de-77ba-d42645fa52fc\" target=\"_blank\" rel=\"noopener\">Internet Explorer<\/a><\/li>\n\n\n\n<li><a href=\"https:\/\/support.microsoft.com\/pl-pl\/microsoft-edge\/usuwanie-plik%C3%B3w-cookie-w-przegl%C4%85darce-microsoft-edge-63947406-40ac-c3b8-57b9-2a946a29ae09\" target=\"_blank\" rel=\"noopener\">Microsoft Edge<\/a><\/li>\n\n\n\n<li><a rel=\"noopener\" href=\"https:\/\/support.apple.com\/pl-pl\/HT201265\" target=\"_blank\">Safari<\/a><\/li>\n<\/ul>\n\n\n\n<p>Vielen Dank, dass Sie sich f\u00fcr unser Unternehmen entschieden haben und f\u00fcr das Vertrauen, das Sie uns entgegenbringen. Wir m\u00f6chten betonen, dass wir Ihre Privatsph\u00e4re respektieren und uns verpflichtet f\u00fchlen, sie zu sch\u00fctzen. Wir versichern Ihnen, dass alle von uns gesammelten und verarbeiteten Informationen stets mit gr\u00f6\u00dfter Sorgfalt und nach den h\u00f6chsten Sicherheitsstandards behandelt werden.<\/p>","protected":false},"excerpt":{"rendered":"<p>Polityka prywatno\u015bci Dzi\u0119kujemy za odwiedzenie naszej strony internetowej i za zainteresowanie nasz\u0105 ofert\u0105. Jako w\u0142a\u015bciciele witryny Vigor Horses, zobowi\u0105zujemy si\u0119 do ochrony prywatno\u015bci u\u017cytkownik\u00f3w naszej strony i zapewniamy, \u017ce wszelkie informacje dotycz\u0105ce Pa\u0144stwa osoby b\u0119d\u0105 traktowane w spos\u00f3b poufny i zgodny z obowi\u0105zuj\u0105cymi przepisami prawa. 1. Gromadzenie danych osobowych Podczas korzystania z naszej strony internetowej, [&hellip;]<\/p>","protected":false},"author":1,"featured_media":0,"parent":0,"menu_order":0,"comment_status":"closed","ping_status":"closed","template":"","meta":{"_seopress_robots_primary_cat":"","_seopress_titles_title":"","_seopress_titles_desc":"","_seopress_robots_index":"yes","footnotes":""},"class_list":["post-1148","page","type-page","status-publish"],"_links":{"self":[{"href":"https:\/\/vigorhorses.pl\/de\/wp-json\/wp\/v2\/pages\/1148","targetHints":{"allow":["GET"]}}],"collection":[{"href":"https:\/\/vigorhorses.pl\/de\/wp-json\/wp\/v2\/pages"}],"about":[{"href":"https:\/\/vigorhorses.pl\/de\/wp-json\/wp\/v2\/types\/page"}],"author":[{"embeddable":true,"href":"https:\/\/vigorhorses.pl\/de\/wp-json\/wp\/v2\/users\/1"}],"replies":[{"embeddable":true,"href":"https:\/\/vigorhorses.pl\/de\/wp-json\/wp\/v2\/comments?post=1148"}],"version-history":[{"count":4,"href":"https:\/\/vigorhorses.pl\/de\/wp-json\/wp\/v2\/pages\/1148\/revisions"}],"predecessor-version":[{"id":1215,"href":"https:\/\/vigorhorses.pl\/de\/wp-json\/wp\/v2\/pages\/1148\/revisions\/1215"}],"wp:attachment":[{"href":"https:\/\/vigorhorses.pl\/de\/wp-json\/wp\/v2\/media?parent=1148"}],"curies":[{"name":"wp","href":"https:\/\/api.w.org\/{rel}","templated":true}]}}