{"id":23,"date":"2023-03-17T10:52:38","date_gmt":"2023-03-17T09:52:38","guid":{"rendered":"https:\/\/vigorhorses.pl\/?page_id=23"},"modified":"2024-04-16T16:06:37","modified_gmt":"2024-04-16T14:06:37","slug":"geschichte","status":"publish","type":"page","link":"https:\/\/vigorhorses.pl\/de\/geschichte\/","title":{"rendered":"Geschichte"},"content":{"rendered":"<div data-elementor-type=\"wp-page\" data-elementor-id=\"23\" class=\"elementor elementor-23\" data-elementor-post-type=\"page\">\n\t\t\t\t<div class=\"elementor-element elementor-element-b1d21e3 e-flex e-con-boxed e-con e-parent\" data-id=\"b1d21e3\" data-element_type=\"container\" data-settings=\"{&quot;background_background&quot;:&quot;classic&quot;}\">\n\t\t\t\t\t<div class=\"e-con-inner\">\n\t\t<div class=\"elementor-element elementor-element-51d0797 e-con-full e-flex e-con e-child\" data-id=\"51d0797\" data-element_type=\"container\">\n\t\t\t\t<div class=\"elementor-element elementor-element-9a3314f elementor-widget elementor-widget-heading\" data-id=\"9a3314f\" data-element_type=\"widget\" data-widget_type=\"heading.default\">\n\t\t\t\t<div class=\"elementor-widget-container\">\n\t\t\t\t\t<h1 class=\"elementor-heading-title elementor-size-default\">Geschichte<\/h1>\t\t\t\t<\/div>\n\t\t\t\t<\/div>\n\t\t\t\t<div class=\"elementor-element elementor-element-b7f95af elementor-widget elementor-widget-shortcode\" data-id=\"b7f95af\" data-element_type=\"widget\" data-widget_type=\"shortcode.default\">\n\t\t\t\t<div class=\"elementor-widget-container\">\n\t\t\t\t\t\t\t<div class=\"elementor-shortcode\">[seopress_breadcrumbs]<\/div>\n\t\t\t\t\t\t<\/div>\n\t\t\t\t<\/div>\n\t\t\t\t<\/div>\n\t\t\t\t\t<\/div>\n\t\t\t\t<\/div>\n\t\t<div class=\"elementor-element elementor-element-f0cb53b e-flex e-con-boxed e-con e-parent\" data-id=\"f0cb53b\" data-element_type=\"container\">\n\t\t\t\t\t<div class=\"e-con-inner\">\n\t\t<div class=\"elementor-element elementor-element-0467608 e-con-full e-flex e-con e-child\" data-id=\"0467608\" data-element_type=\"container\">\n\t\t\t\t<\/div>\n\t\t\t\t\t<\/div>\n\t\t\t\t<\/div>\n\t\t\t\t<\/div>","protected":false},"excerpt":{"rendered":"<p>[seopress_breadcrumbs] Za\u0142o\u017cenie stadniny koni przez Jacka Kowalskiego 2000 Otrzymanie presti\u017cowego wyr\u00f3\u017cnienia w kategorii &quot;Najlepsza Stadnina Koni&quot; na mi\u0119dzynarodowej wystawie hodowlanej. 2005 Urodzenie si\u0119 pierwszego \u017arebi\u0119cia po klaczy B\u0142yskawicy, kt\u00f3ra sta\u0142a si\u0119 symbolem hodowli koni na stadninie. 2010<\/p>","protected":false},"author":1,"featured_media":0,"parent":0,"menu_order":0,"comment_status":"closed","ping_status":"closed","template":"","meta":{"_seopress_robots_primary_cat":"","_seopress_titles_title":"Vigor Horses: Historia pe\u0142na pasji i sukces\u00f3w","_seopress_titles_desc":"Odkryj histori\u0119 Vigor Horses, stadniny koni, kt\u00f3ra d\u0105\u017cy do doskona\u0142o\u015bci. Nasza historia to ci\u0105g\u0142y rozw\u00f3j i nieustaj\u0105ca praca nad popraw\u0105 warunk\u00f3w dla naszych koni.","_seopress_robots_index":"","footnotes":""},"class_list":["post-23","page","type-page","status-publish"],"_links":{"self":[{"href":"https:\/\/vigorhorses.pl\/de\/wp-json\/wp\/v2\/pages\/23","targetHints":{"allow":["GET"]}}],"collection":[{"href":"https:\/\/vigorhorses.pl\/de\/wp-json\/wp\/v2\/pages"}],"about":[{"href":"https:\/\/vigorhorses.pl\/de\/wp-json\/wp\/v2\/types\/page"}],"author":[{"embeddable":true,"href":"https:\/\/vigorhorses.pl\/de\/wp-json\/wp\/v2\/users\/1"}],"replies":[{"embeddable":true,"href":"https:\/\/vigorhorses.pl\/de\/wp-json\/wp\/v2\/comments?post=23"}],"version-history":[{"count":20,"href":"https:\/\/vigorhorses.pl\/de\/wp-json\/wp\/v2\/pages\/23\/revisions"}],"predecessor-version":[{"id":5832,"href":"https:\/\/vigorhorses.pl\/de\/wp-json\/wp\/v2\/pages\/23\/revisions\/5832"}],"wp:attachment":[{"href":"https:\/\/vigorhorses.pl\/de\/wp-json\/wp\/v2\/media?parent=23"}],"curies":[{"name":"wp","href":"https:\/\/api.w.org\/{rel}","templated":true}]}}