{"id":1148,"date":"2023-05-11T08:15:43","date_gmt":"2023-05-11T06:15:43","guid":{"rendered":"https:\/\/vigorhorses.pl\/?page_id=1148"},"modified":"2023-05-26T14:40:37","modified_gmt":"2023-05-26T12:40:37","slug":"privacy-policy","status":"publish","type":"page","link":"https:\/\/vigorhorses.pl\/en\/privacy-policy\/","title":{"rendered":"Privacy Policy"},"content":{"rendered":"<h2 class=\"wp-block-heading\"><strong>Privacy Policy<\/strong><\/h2>\n\n\n\n<p>Thank you for visiting our website and for your interest in our offer. As owners of the Vigor Horses site, we are committed to protecting the privacy of our site users and assure you that any information concerning you will be treated confidentially and in accordance with applicable laws.<\/p>\n\n\n\n<p><strong>1. collection of personal data<\/strong><\/p>\n\n\n\n<p>When you use our website, you may be asked to provide some personal information, such as your name, e-mail address and telephone number. We will only collect this data if you voluntarily provide it, such as to use our services or to receive an answer to a question.<\/p>\n\n\n\n<p><strong>2. storage of personal data<\/strong><\/p>\n\n\n\n<p>All personal information you provide to us will be stored on servers located in Europe, as required by data protection law. We will not share this information with third parties unless required to do so by law or necessary to perform our services.<\/p>\n\n\n\n<p><strong>3. use of personal data<\/strong><\/p>\n\n\n\n<p>The personal information you provide to us may be used to answer questions or inquiries about our services. In addition, if you give us permission, we will be able to send you commercial information about our offerings. We may also use your information to improve our services and for analytical purposes.<\/p>\n\n\n\n<p><strong>4. user rights<\/strong><\/p>\n\n\n\n<p>All users have the right to access, correct or delete their personal data. They can also request restriction of processing or transfer of their personal data. All requests should be addressed to the following email address <a href=\"mailto:info@vigorhorses.pl\">info@vigorhorses.pl<\/a> Or to the mailing address: 24 \/ 2, Po\u0142\u0119cko, 69-220 O\u015bno Lubuskie.<\/p>\n\n\n\n<p><strong>5. privacy policy changes<\/strong><\/p>\n\n\n\n<p>We reserve the right to make changes to this privacy policy at any time. If we make significant changes to the policy, we will inform users on our website or by sending an email notification.<\/p>\n\n\n\n<p><strong>6. cookies<\/strong><\/p>\n\n\n\n<p>Our website uses cookies to help us understand how users use our site, which allows us to continuously improve our services. Cookies are stored on your end device and allow us to recognize your browser on your next visit.<\/p>\n\n\n\n<p>How to disable cookies? - To change the options for storing and receiving cookies, you need to change your browser settings. The procedure depends on the program you are using:<\/p>\n\n\n\n<ul class=\"wp-block-list\">\n<li><a href=\"https:\/\/support.mozilla.org\/pl\/kb\/ciasteczka\" target=\"_blank\" rel=\"noopener\">Mozilla Firefox<\/a><\/li>\n\n\n\n<li><a href=\"https:\/\/help.opera.com\/pl\/latest\/web-preferences\/#cookies\" target=\"_blank\" rel=\"noopener\">Opera<\/a><\/li>\n\n\n\n<li><a href=\"https:\/\/support.google.com\/chrome\/answer\/95647?hl=pl\" target=\"_blank\" rel=\"noopener\">Google Chrome<\/a><\/li>\n\n\n\n<li><a href=\"https:\/\/support.microsoft.com\/pl-pl\/topic\/jak-usun%C4%85%C4%87-pliki-cookie-w-programie-internet-explorer-bca9446f-d873-78de-77ba-d42645fa52fc\" target=\"_blank\" rel=\"noopener\">Internet Explorer<\/a><\/li>\n\n\n\n<li><a href=\"https:\/\/support.microsoft.com\/pl-pl\/microsoft-edge\/usuwanie-plik%C3%B3w-cookie-w-przegl%C4%85darce-microsoft-edge-63947406-40ac-c3b8-57b9-2a946a29ae09\" target=\"_blank\" rel=\"noopener\">Microsoft Edge<\/a><\/li>\n\n\n\n<li><a rel=\"noopener\" href=\"https:\/\/support.apple.com\/pl-pl\/HT201265\" target=\"_blank\">Safari<\/a><\/li>\n<\/ul>\n\n\n\n<p>Thank you for choosing our company and for the trust you place in us. We would like to emphasize that we respect your privacy and are committed to protecting it. We assure you that all the information we collect and process is always handled with the utmost care and according to the highest security standards.<\/p>","protected":false},"excerpt":{"rendered":"<p>Polityka prywatno\u015bci Dzi\u0119kujemy za odwiedzenie naszej strony internetowej i za zainteresowanie nasz\u0105 ofert\u0105. Jako w\u0142a\u015bciciele witryny Vigor Horses, zobowi\u0105zujemy si\u0119 do ochrony prywatno\u015bci u\u017cytkownik\u00f3w naszej strony i zapewniamy, \u017ce wszelkie informacje dotycz\u0105ce Pa\u0144stwa osoby b\u0119d\u0105 traktowane w spos\u00f3b poufny i zgodny z obowi\u0105zuj\u0105cymi przepisami prawa. 1. Gromadzenie danych osobowych Podczas korzystania z naszej strony internetowej, [&hellip;]<\/p>","protected":false},"author":1,"featured_media":0,"parent":0,"menu_order":0,"comment_status":"closed","ping_status":"closed","template":"","meta":{"_seopress_robots_primary_cat":"","_seopress_titles_title":"","_seopress_titles_desc":"","_seopress_robots_index":"yes","footnotes":""},"class_list":["post-1148","page","type-page","status-publish"],"_links":{"self":[{"href":"https:\/\/vigorhorses.pl\/en\/wp-json\/wp\/v2\/pages\/1148","targetHints":{"allow":["GET"]}}],"collection":[{"href":"https:\/\/vigorhorses.pl\/en\/wp-json\/wp\/v2\/pages"}],"about":[{"href":"https:\/\/vigorhorses.pl\/en\/wp-json\/wp\/v2\/types\/page"}],"author":[{"embeddable":true,"href":"https:\/\/vigorhorses.pl\/en\/wp-json\/wp\/v2\/users\/1"}],"replies":[{"embeddable":true,"href":"https:\/\/vigorhorses.pl\/en\/wp-json\/wp\/v2\/comments?post=1148"}],"version-history":[{"count":4,"href":"https:\/\/vigorhorses.pl\/en\/wp-json\/wp\/v2\/pages\/1148\/revisions"}],"predecessor-version":[{"id":1215,"href":"https:\/\/vigorhorses.pl\/en\/wp-json\/wp\/v2\/pages\/1148\/revisions\/1215"}],"wp:attachment":[{"href":"https:\/\/vigorhorses.pl\/en\/wp-json\/wp\/v2\/media?parent=1148"}],"curies":[{"name":"wp","href":"https:\/\/api.w.org\/{rel}","templated":true}]}}